{"id":8858,"date":"2025-08-23T11:42:16","date_gmt":"2025-08-23T14:42:16","guid":{"rendered":"https:\/\/www.fazendaboqueiraorn.com.br\/?post_type=product&#038;p=8858"},"modified":"2026-01-20T15:52:35","modified_gmt":"2026-01-20T18:52:35","slug":"parafusadeira-e-furadeira-impacto-the-black-tools","status":"publish","type":"product","link":"https:\/\/www.fazendaboqueiraorn.com.br\/en\/product\/parafusadeira-e-furadeira-impacto-the-black-tools\/","title":{"rendered":"Parafusadeira e Furadeira Impacto The Black Tools"},"content":{"rendered":"<p>Parafusadeira e Furadeira Impacto<a href=\"\/en\/marca\/the-black-tools\/\"> The Black Tools<\/a> Tb-21pw \u00e9 uma poderosa ferramenta que vai transformar suas tarefas de perfura\u00e7\u00e3o e parafusamento em experi\u00eancias r\u00e1pidas e eficientes.<\/p>\n<h2>APLICA\u00c7\u00d5ES<\/h2>\n<ul>\n<li>Ideal para perfura\u00e7\u00e3o em diversos materiais, como metal, madeira e pl\u00e1stico;<\/li>\n<li>Profissionais da constru\u00e7\u00e3o, marcenaria, bricolagem e uso dom\u00e9stico.<\/li>\n<\/ul>\n<h2>ITENS INCLUSOS<\/h2>\n<ul>\n<li>01 Broca de impacto multifuncional M8;<\/li>\n<li>04 Brocas helicoidais M2,3,4,5,6;<\/li>\n<li>01 Conector flexivel de 30 mm;<\/li>\n<li>01 Ponteira PH2+ST6 de 65 mm;<\/li>\n<li>01 Ponteira PH2 de 100 mm;<\/li>\n<li>01 Parafusadeira TB21PX;<\/li>\n<li>01 Carregador BIVOLT;<\/li>\n<li>02 Adaptadores;<\/li>\n<li>09 Soquetes;<\/li>\n<li>01 Bateria;<\/li>\n<li>01 Manual;<\/li>\n<li>10 Bits.<\/li>\n<\/ul>\n<h2>FICHA T\u00c9CNICA<\/h2>\n<ul>\n<li>Di\u00e2metro do mandril 3\/8\u201d 10mm (aperto r\u00e1pido);<\/li>\n<li>Rota\u00e7\u00e3o sem carga : 0-400\/0-1400 RPM;<\/li>\n<li>Velocidade vari\u00e1vel e revers\u00edvel;<\/li>\n<li>Indicador de carga de bateria;<\/li>\n<li>Empunhadura Soft Grip;<\/li>\n<li>Op\u00e7\u00e3o de torque 18 + 3;<\/li>\n<li>Marca: <a href=\"\/en\/marca\/the-black-tools\/\">The Black Tools<\/a><\/li>\n<li>Fun\u00e7\u00e3o Impacto: Sim;<\/li>\n<li>Carregador: BIVOLT<\/li>\n<li>Bateria: 2.000mAh<\/li>\n<li>Modelo: TB21PW<\/li>\n<li>Voltagem: 21V<\/li>\n<li>Peso: 1.300 Kg<\/li>\n<li>Dimens\u00f5es (CxLxA): 25 x 6 x 20 cm<\/li>\n<\/ul>","protected":false},"excerpt":{"rendered":"<p>Parafusadeira e Furadeira Impacto <a href=\"\/en\/marca\/the-black-tools\/\">The Black Tools<\/a> Tb-21pw \u00e9 uma poderosa ferramenta que vai transformar suas tarefas de perfura\u00e7\u00e3o e parafusamento em experi\u00eancias r\u00e1pidas e eficientes.<\/p>","protected":false},"featured_media":8861,"comment_status":"open","ping_status":"closed","template":"","meta":{"nf_dc_page":"","_uag_custom_page_level_css":"","site-sidebar-layout":"default","site-content-layout":"","ast-site-content-layout":"default","site-content-style":"default","site-sidebar-style":"default","ast-global-header-display":"","ast-banner-title-visibility":"","ast-main-header-display":"","ast-hfb-above-header-display":"","ast-hfb-below-header-display":"","ast-hfb-mobile-header-display":"","site-post-title":"","ast-breadcrumbs-content":"","ast-featured-img":"","footer-sml-layout":"","ast-disable-related-posts":"","theme-transparent-header-meta":"default","adv-header-id-meta":"","stick-header-meta":"","header-above-stick-meta":"","header-main-stick-meta":"","header-below-stick-meta":"","astra-migrate-meta-layouts":"set","ast-page-background-enabled":"default","ast-page-background-meta":{"desktop":{"background-color":"var(--ast-global-color-4)","background-image":"","background-repeat":"repeat","background-position":"center center","background-size":"auto","background-attachment":"scroll","background-type":"","background-media":"","overlay-type":"","overlay-color":"","overlay-opacity":"","overlay-gradient":""},"tablet":{"background-color":"","background-image":"","background-repeat":"repeat","background-position":"center center","background-size":"auto","background-attachment":"scroll","background-type":"","background-media":"","overlay-type":"","overlay-color":"","overlay-opacity":"","overlay-gradient":""},"mobile":{"background-color":"","background-image":"","background-repeat":"repeat","background-position":"center center","background-size":"auto","background-attachment":"scroll","background-type":"","background-media":"","overlay-type":"","overlay-color":"","overlay-opacity":"","overlay-gradient":""}},"ast-content-background-meta":{"desktop":{"background-color":"var(--ast-global-color-5)","background-image":"","background-repeat":"repeat","background-position":"center center","background-size":"auto","background-attachment":"scroll","background-type":"","background-media":"","overlay-type":"","overlay-color":"","overlay-opacity":"","overlay-gradient":""},"tablet":{"background-color":"var(--ast-global-color-5)","background-image":"","background-repeat":"repeat","background-position":"center center","background-size":"auto","background-attachment":"scroll","background-type":"","background-media":"","overlay-type":"","overlay-color":"","overlay-opacity":"","overlay-gradient":""},"mobile":{"background-color":"var(--ast-global-color-5)","background-image":"","background-repeat":"repeat","background-position":"center center","background-size":"auto","background-attachment":"scroll","background-type":"","background-media":"","overlay-type":"","overlay-color":"","overlay-opacity":"","overlay-gradient":""}},"jetpack_post_was_ever_published":false,"jetpack_publicize_message":"","jetpack_publicize_feature_enabled":true,"jetpack_social_post_already_shared":true,"jetpack_social_options":{"image_generator_settings":{"template":"highway","default_image_id":0,"font":"","enabled":false},"version":2}},"product_brand":[4832],"product_cat":[4963,4964],"product_tag":[4966,4965],"class_list":{"0":"post-8858","1":"product","2":"type-product","3":"status-publish","4":"has-post-thumbnail","6":"product_brand-the-black-tools","7":"product_cat-furadeira","8":"product_cat-parafusadeira","9":"product_tag-furadeira","10":"product_tag-parafusadeira","11":"desktop-align-left","12":"tablet-align-left","13":"mobile-align-left","15":"first","16":"instock","17":"sale","18":"shipping-taxable","19":"product-type-external"},"yoast_head":"<!-- This site is optimized with the Yoast SEO plugin v27.4 - https:\/\/yoast.com\/product\/yoast-seo-wordpress\/ -->\n<title>Parafusadeira e Furadeira Impacto The Black Tools - Fazenda Boqueir\u00e3o<\/title>\n<meta name=\"description\" content=\"Parafusadeira e Furadeira Impacto The Black Tools Tb-21pw \u00e9 uma poderosa ferramenta que vai transformar suas tarefas de perfura\u00e7\u00e3o.\u00a0\" \/>\n<meta name=\"robots\" content=\"index, follow, max-snippet:-1, max-image-preview:large, max-video-preview:-1\" \/>\n<link rel=\"canonical\" href=\"https:\/\/www.fazendaboqueiraorn.com.br\/en\/product\/parafusadeira-e-furadeira-impacto-the-black-tools\/\" \/>\n<meta property=\"og:locale\" content=\"en_US\" \/>\n<meta property=\"og:type\" content=\"article\" \/>\n<meta property=\"og:title\" content=\"Parafusadeira e Furadeira Impacto The Black Tools - Fazenda Boqueir\u00e3o\" \/>\n<meta property=\"og:description\" content=\"Parafusadeira e Furadeira Impacto The Black Tools Tb-21pw \u00e9 uma poderosa ferramenta que vai transformar suas tarefas de perfura\u00e7\u00e3o.\u00a0\" \/>\n<meta property=\"og:url\" content=\"https:\/\/www.fazendaboqueiraorn.com.br\/en\/product\/parafusadeira-e-furadeira-impacto-the-black-tools\/\" \/>\n<meta property=\"og:site_name\" content=\"Fazenda Boqueir\u00e3o\" \/>\n<meta property=\"article:publisher\" content=\"https:\/\/www.facebook.com\/fazboqueirao\" \/>\n<meta property=\"article:modified_time\" content=\"2026-01-20T18:52:35+00:00\" \/>\n<meta property=\"og:image\" content=\"https:\/\/www.fazendaboqueiraorn.com.br\/wp-content\/uploads\/2025\/08\/parafusadeira-furadeira-impacto.webp\" \/>\n\t<meta property=\"og:image:width\" content=\"1080\" \/>\n\t<meta property=\"og:image:height\" content=\"1080\" \/>\n\t<meta property=\"og:image:type\" content=\"image\/webp\" \/>\n<meta name=\"twitter:card\" content=\"summary_large_image\" \/>\n<meta name=\"twitter:site\" content=\"@FazBoqueirao\" \/>\n<meta name=\"twitter:label1\" content=\"Est. reading time\" \/>\n\t<meta name=\"twitter:data1\" content=\"2 minutes\" \/>\n<script type=\"application\/ld+json\" class=\"yoast-schema-graph\">{\"@context\":\"https:\\\/\\\/schema.org\",\"@graph\":[{\"@type\":\"WebPage\",\"@id\":\"https:\\\/\\\/www.fazendaboqueiraorn.com.br\\\/produto\\\/parafusadeira-e-furadeira-impacto-the-black-tools\\\/\",\"url\":\"https:\\\/\\\/www.fazendaboqueiraorn.com.br\\\/produto\\\/parafusadeira-e-furadeira-impacto-the-black-tools\\\/\",\"name\":\"Parafusadeira e Furadeira Impacto The Black Tools - Fazenda Boqueir\u00e3o\",\"isPartOf\":{\"@id\":\"https:\\\/\\\/www.fazendaboqueiraorn.com.br\\\/#website\"},\"primaryImageOfPage\":{\"@id\":\"https:\\\/\\\/www.fazendaboqueiraorn.com.br\\\/produto\\\/parafusadeira-e-furadeira-impacto-the-black-tools\\\/#primaryimage\"},\"image\":{\"@id\":\"https:\\\/\\\/www.fazendaboqueiraorn.com.br\\\/produto\\\/parafusadeira-e-furadeira-impacto-the-black-tools\\\/#primaryimage\"},\"thumbnailUrl\":\"https:\\\/\\\/i0.wp.com\\\/www.fazendaboqueiraorn.com.br\\\/wp-content\\\/uploads\\\/2025\\\/08\\\/parafusadeira-furadeira-impacto.webp?fit=1080%2C1080&ssl=1\",\"datePublished\":\"2025-08-23T14:42:16+00:00\",\"dateModified\":\"2026-01-20T18:52:35+00:00\",\"description\":\"Parafusadeira e Furadeira Impacto The Black Tools Tb-21pw \u00e9 uma poderosa ferramenta que vai transformar suas tarefas de perfura\u00e7\u00e3o.\u00a0\",\"breadcrumb\":{\"@id\":\"https:\\\/\\\/www.fazendaboqueiraorn.com.br\\\/produto\\\/parafusadeira-e-furadeira-impacto-the-black-tools\\\/#breadcrumb\"},\"inLanguage\":\"en-US\",\"potentialAction\":[{\"@type\":\"ReadAction\",\"target\":[\"https:\\\/\\\/www.fazendaboqueiraorn.com.br\\\/produto\\\/parafusadeira-e-furadeira-impacto-the-black-tools\\\/\"]}]},{\"@type\":\"ImageObject\",\"inLanguage\":\"en-US\",\"@id\":\"https:\\\/\\\/www.fazendaboqueiraorn.com.br\\\/produto\\\/parafusadeira-e-furadeira-impacto-the-black-tools\\\/#primaryimage\",\"url\":\"https:\\\/\\\/i0.wp.com\\\/www.fazendaboqueiraorn.com.br\\\/wp-content\\\/uploads\\\/2025\\\/08\\\/parafusadeira-furadeira-impacto.webp?fit=1080%2C1080&ssl=1\",\"contentUrl\":\"https:\\\/\\\/i0.wp.com\\\/www.fazendaboqueiraorn.com.br\\\/wp-content\\\/uploads\\\/2025\\\/08\\\/parafusadeira-furadeira-impacto.webp?fit=1080%2C1080&ssl=1\",\"width\":1080,\"height\":1080,\"caption\":\"Parafusadeira E Furadeira Impacto The Black Tools\"},{\"@type\":\"BreadcrumbList\",\"@id\":\"https:\\\/\\\/www.fazendaboqueiraorn.com.br\\\/produto\\\/parafusadeira-e-furadeira-impacto-the-black-tools\\\/#breadcrumb\",\"itemListElement\":[{\"@type\":\"ListItem\",\"position\":1,\"name\":\"Home\",\"item\":\"https:\\\/\\\/www.fazendaboqueiraorn.com.br\\\/\"},{\"@type\":\"ListItem\",\"position\":2,\"name\":\"Produtos\",\"item\":\"https:\\\/\\\/www.fazendaboqueiraorn.com.br\\\/loja\\\/\"},{\"@type\":\"ListItem\",\"position\":3,\"name\":\"Parafusadeira e Furadeira Impacto The Black Tools\"}]},{\"@type\":\"WebSite\",\"@id\":\"https:\\\/\\\/www.fazendaboqueiraorn.com.br\\\/#website\",\"url\":\"https:\\\/\\\/www.fazendaboqueiraorn.com.br\\\/\",\"name\":\"Fazenda Boqueir\u00e3o\",\"description\":\"\",\"publisher\":{\"@id\":\"https:\\\/\\\/www.fazendaboqueiraorn.com.br\\\/#organization\"},\"potentialAction\":[{\"@type\":\"SearchAction\",\"target\":{\"@type\":\"EntryPoint\",\"urlTemplate\":\"https:\\\/\\\/www.fazendaboqueiraorn.com.br\\\/?s={search_term_string}\"},\"query-input\":{\"@type\":\"PropertyValueSpecification\",\"valueRequired\":true,\"valueName\":\"search_term_string\"}}],\"inLanguage\":\"en-US\"},{\"@type\":\"Organization\",\"@id\":\"https:\\\/\\\/www.fazendaboqueiraorn.com.br\\\/#organization\",\"name\":\"Fazenda Boqueir\u00e3o\",\"url\":\"https:\\\/\\\/www.fazendaboqueiraorn.com.br\\\/\",\"logo\":{\"@type\":\"ImageObject\",\"inLanguage\":\"en-US\",\"@id\":\"https:\\\/\\\/www.fazendaboqueiraorn.com.br\\\/#\\\/schema\\\/logo\\\/image\\\/\",\"url\":\"https:\\\/\\\/i0.wp.com\\\/www.fazendaboqueiraorn.com.br\\\/wp-content\\\/uploads\\\/2021\\\/08\\\/logo-fazenda-120x120-1.png?fit=120%2C120&ssl=1\",\"contentUrl\":\"https:\\\/\\\/i0.wp.com\\\/www.fazendaboqueiraorn.com.br\\\/wp-content\\\/uploads\\\/2021\\\/08\\\/logo-fazenda-120x120-1.png?fit=120%2C120&ssl=1\",\"width\":120,\"height\":120,\"caption\":\"Fazenda Boqueir\u00e3o\"},\"image\":{\"@id\":\"https:\\\/\\\/www.fazendaboqueiraorn.com.br\\\/#\\\/schema\\\/logo\\\/image\\\/\"},\"sameAs\":[\"https:\\\/\\\/www.facebook.com\\\/fazboqueirao\",\"https:\\\/\\\/x.com\\\/FazBoqueirao\",\"http:\\\/\\\/instagram.com\\\/fazboqueirao\\\/\",\"https:\\\/\\\/www.linkedin.com\\\/company\\\/fazboqueirao\\\/\",\"https:\\\/\\\/www.youtube.com\\\/channel\\\/UCUA4_8v8HkmMeNUh8c6Ky1Q\"]}]}<\/script>\n<!-- \/ Yoast SEO plugin. -->","yoast_head_json":{"title":"Parafusadeira e Furadeira Impacto The Black Tools - Fazenda Boqueir\u00e3o","description":"Parafusadeira e Furadeira Impacto The Black Tools Tb-21pw \u00e9 uma poderosa ferramenta que vai transformar suas tarefas de perfura\u00e7\u00e3o.\u00a0","robots":{"index":"index","follow":"follow","max-snippet":"max-snippet:-1","max-image-preview":"max-image-preview:large","max-video-preview":"max-video-preview:-1"},"canonical":"https:\/\/www.fazendaboqueiraorn.com.br\/en\/product\/parafusadeira-e-furadeira-impacto-the-black-tools\/","og_locale":"en_US","og_type":"article","og_title":"Parafusadeira e Furadeira Impacto The Black Tools - Fazenda Boqueir\u00e3o","og_description":"Parafusadeira e Furadeira Impacto The Black Tools Tb-21pw \u00e9 uma poderosa ferramenta que vai transformar suas tarefas de perfura\u00e7\u00e3o.\u00a0","og_url":"https:\/\/www.fazendaboqueiraorn.com.br\/en\/product\/parafusadeira-e-furadeira-impacto-the-black-tools\/","og_site_name":"Fazenda Boqueir\u00e3o","article_publisher":"https:\/\/www.facebook.com\/fazboqueirao","article_modified_time":"2026-01-20T18:52:35+00:00","og_image":[{"width":1080,"height":1080,"url":"https:\/\/www.fazendaboqueiraorn.com.br\/wp-content\/uploads\/2025\/08\/parafusadeira-furadeira-impacto.webp","type":"image\/webp"}],"twitter_card":"summary_large_image","twitter_site":"@FazBoqueirao","twitter_misc":{"Est. reading time":"2 minutes"},"schema":{"@context":"https:\/\/schema.org","@graph":[{"@type":"WebPage","@id":"https:\/\/www.fazendaboqueiraorn.com.br\/produto\/parafusadeira-e-furadeira-impacto-the-black-tools\/","url":"https:\/\/www.fazendaboqueiraorn.com.br\/produto\/parafusadeira-e-furadeira-impacto-the-black-tools\/","name":"Parafusadeira e Furadeira Impacto The Black Tools - Fazenda Boqueir\u00e3o","isPartOf":{"@id":"https:\/\/www.fazendaboqueiraorn.com.br\/#website"},"primaryImageOfPage":{"@id":"https:\/\/www.fazendaboqueiraorn.com.br\/produto\/parafusadeira-e-furadeira-impacto-the-black-tools\/#primaryimage"},"image":{"@id":"https:\/\/www.fazendaboqueiraorn.com.br\/produto\/parafusadeira-e-furadeira-impacto-the-black-tools\/#primaryimage"},"thumbnailUrl":"https:\/\/i0.wp.com\/www.fazendaboqueiraorn.com.br\/wp-content\/uploads\/2025\/08\/parafusadeira-furadeira-impacto.webp?fit=1080%2C1080&ssl=1","datePublished":"2025-08-23T14:42:16+00:00","dateModified":"2026-01-20T18:52:35+00:00","description":"Parafusadeira e Furadeira Impacto The Black Tools Tb-21pw \u00e9 uma poderosa ferramenta que vai transformar suas tarefas de perfura\u00e7\u00e3o.\u00a0","breadcrumb":{"@id":"https:\/\/www.fazendaboqueiraorn.com.br\/produto\/parafusadeira-e-furadeira-impacto-the-black-tools\/#breadcrumb"},"inLanguage":"en-US","potentialAction":[{"@type":"ReadAction","target":["https:\/\/www.fazendaboqueiraorn.com.br\/produto\/parafusadeira-e-furadeira-impacto-the-black-tools\/"]}]},{"@type":"ImageObject","inLanguage":"en-US","@id":"https:\/\/www.fazendaboqueiraorn.com.br\/produto\/parafusadeira-e-furadeira-impacto-the-black-tools\/#primaryimage","url":"https:\/\/i0.wp.com\/www.fazendaboqueiraorn.com.br\/wp-content\/uploads\/2025\/08\/parafusadeira-furadeira-impacto.webp?fit=1080%2C1080&ssl=1","contentUrl":"https:\/\/i0.wp.com\/www.fazendaboqueiraorn.com.br\/wp-content\/uploads\/2025\/08\/parafusadeira-furadeira-impacto.webp?fit=1080%2C1080&ssl=1","width":1080,"height":1080,"caption":"Parafusadeira E Furadeira Impacto The Black Tools"},{"@type":"BreadcrumbList","@id":"https:\/\/www.fazendaboqueiraorn.com.br\/produto\/parafusadeira-e-furadeira-impacto-the-black-tools\/#breadcrumb","itemListElement":[{"@type":"ListItem","position":1,"name":"Home","item":"https:\/\/www.fazendaboqueiraorn.com.br\/"},{"@type":"ListItem","position":2,"name":"Produtos","item":"https:\/\/www.fazendaboqueiraorn.com.br\/loja\/"},{"@type":"ListItem","position":3,"name":"Parafusadeira e Furadeira Impacto The Black Tools"}]},{"@type":"WebSite","@id":"https:\/\/www.fazendaboqueiraorn.com.br\/#website","url":"https:\/\/www.fazendaboqueiraorn.com.br\/","name":"Fazenda Boqueir\u00e3o","description":"","publisher":{"@id":"https:\/\/www.fazendaboqueiraorn.com.br\/#organization"},"potentialAction":[{"@type":"SearchAction","target":{"@type":"EntryPoint","urlTemplate":"https:\/\/www.fazendaboqueiraorn.com.br\/?s={search_term_string}"},"query-input":{"@type":"PropertyValueSpecification","valueRequired":true,"valueName":"search_term_string"}}],"inLanguage":"en-US"},{"@type":"Organization","@id":"https:\/\/www.fazendaboqueiraorn.com.br\/#organization","name":"Fazenda Boqueir\u00e3o","url":"https:\/\/www.fazendaboqueiraorn.com.br\/","logo":{"@type":"ImageObject","inLanguage":"en-US","@id":"https:\/\/www.fazendaboqueiraorn.com.br\/#\/schema\/logo\/image\/","url":"https:\/\/i0.wp.com\/www.fazendaboqueiraorn.com.br\/wp-content\/uploads\/2021\/08\/logo-fazenda-120x120-1.png?fit=120%2C120&ssl=1","contentUrl":"https:\/\/i0.wp.com\/www.fazendaboqueiraorn.com.br\/wp-content\/uploads\/2021\/08\/logo-fazenda-120x120-1.png?fit=120%2C120&ssl=1","width":120,"height":120,"caption":"Fazenda Boqueir\u00e3o"},"image":{"@id":"https:\/\/www.fazendaboqueiraorn.com.br\/#\/schema\/logo\/image\/"},"sameAs":["https:\/\/www.facebook.com\/fazboqueirao","https:\/\/x.com\/FazBoqueirao","http:\/\/instagram.com\/fazboqueirao\/","https:\/\/www.linkedin.com\/company\/fazboqueirao\/","https:\/\/www.youtube.com\/channel\/UCUA4_8v8HkmMeNUh8c6Ky1Q"]}]}},"jetpack_publicize_connections":[],"uagb_featured_image_src":{"full":["https:\/\/i0.wp.com\/www.fazendaboqueiraorn.com.br\/wp-content\/uploads\/2025\/08\/parafusadeira-furadeira-impacto.webp?fit=1080%2C1080&ssl=1",1080,1080,false],"thumbnail":["https:\/\/i0.wp.com\/www.fazendaboqueiraorn.com.br\/wp-content\/uploads\/2025\/08\/parafusadeira-furadeira-impacto.webp?resize=150%2C150&ssl=1",150,150,true],"medium":["https:\/\/i0.wp.com\/www.fazendaboqueiraorn.com.br\/wp-content\/uploads\/2025\/08\/parafusadeira-furadeira-impacto.webp?fit=300%2C300&ssl=1",300,300,true],"medium_large":["https:\/\/i0.wp.com\/www.fazendaboqueiraorn.com.br\/wp-content\/uploads\/2025\/08\/parafusadeira-furadeira-impacto.webp?fit=768%2C768&ssl=1",768,768,true],"large":["https:\/\/i0.wp.com\/www.fazendaboqueiraorn.com.br\/wp-content\/uploads\/2025\/08\/parafusadeira-furadeira-impacto.webp?fit=1024%2C1024&ssl=1",1024,1024,true],"1536x1536":["https:\/\/i0.wp.com\/www.fazendaboqueiraorn.com.br\/wp-content\/uploads\/2025\/08\/parafusadeira-furadeira-impacto.webp?fit=1080%2C1080&ssl=1",1080,1080,true],"2048x2048":["https:\/\/i0.wp.com\/www.fazendaboqueiraorn.com.br\/wp-content\/uploads\/2025\/08\/parafusadeira-furadeira-impacto.webp?fit=1080%2C1080&ssl=1",1080,1080,true],"trp-custom-language-flag":["https:\/\/i0.wp.com\/www.fazendaboqueiraorn.com.br\/wp-content\/uploads\/2025\/08\/parafusadeira-furadeira-impacto.webp?fit=12%2C12&ssl=1",12,12,true],"ultp_layout_landscape_large":["https:\/\/i0.wp.com\/www.fazendaboqueiraorn.com.br\/wp-content\/uploads\/2025\/08\/parafusadeira-furadeira-impacto.webp?resize=1080%2C800&ssl=1",1080,800,true],"ultp_layout_landscape":["https:\/\/i0.wp.com\/www.fazendaboqueiraorn.com.br\/wp-content\/uploads\/2025\/08\/parafusadeira-furadeira-impacto.webp?resize=870%2C570&ssl=1",870,570,true],"ultp_layout_portrait":["https:\/\/i0.wp.com\/www.fazendaboqueiraorn.com.br\/wp-content\/uploads\/2025\/08\/parafusadeira-furadeira-impacto.webp?resize=600%2C900&ssl=1",600,900,true],"ultp_layout_square":["https:\/\/i0.wp.com\/www.fazendaboqueiraorn.com.br\/wp-content\/uploads\/2025\/08\/parafusadeira-furadeira-impacto.webp?resize=600%2C600&ssl=1",600,600,true],"woocommerce_thumbnail":["https:\/\/www.fazendaboqueiraorn.com.br\/wp-content\/uploads\/2025\/08\/parafusadeira-furadeira-impacto-300x300.webp",300,300,true],"woocommerce_single":["https:\/\/www.fazendaboqueiraorn.com.br\/wp-content\/uploads\/2025\/08\/parafusadeira-furadeira-impacto.webp",600,600,false],"woocommerce_gallery_thumbnail":["https:\/\/www.fazendaboqueiraorn.com.br\/wp-content\/uploads\/2025\/08\/parafusadeira-furadeira-impacto-100x100.webp",100,100,true],"web-stories-poster-portrait":["https:\/\/www.fazendaboqueiraorn.com.br\/wp-content\/uploads\/2025\/08\/parafusadeira-furadeira-impacto-640x853.webp",640,853,true],"web-stories-publisher-logo":["https:\/\/www.fazendaboqueiraorn.com.br\/wp-content\/uploads\/2025\/08\/parafusadeira-furadeira-impacto-96x96.webp",96,96,true],"web-stories-thumbnail":["https:\/\/www.fazendaboqueiraorn.com.br\/wp-content\/uploads\/2025\/08\/parafusadeira-furadeira-impacto-150x150.webp",150,150,true]},"uagb_author_info":{"display_name":"Fazenda Boqueir\u00e3o","author_link":"https:\/\/www.fazendaboqueiraorn.com.br\/en\/author\/"},"uagb_comment_info":1,"uagb_excerpt":"Parafusadeira e Furadeira Impacto The Black Tools Tb-21pw \u00e9 uma poderosa ferramenta que vai transformar suas tarefas de perfura\u00e7\u00e3o e parafusamento em experi\u00eancias r\u00e1pidas e eficientes.","jetpack_sharing_enabled":true,"jetpack_likes_enabled":true,"_links":{"self":[{"href":"https:\/\/www.fazendaboqueiraorn.com.br\/en\/wp-json\/wp\/v2\/product\/8858","targetHints":{"allow":["GET"]}}],"collection":[{"href":"https:\/\/www.fazendaboqueiraorn.com.br\/en\/wp-json\/wp\/v2\/product"}],"about":[{"href":"https:\/\/www.fazendaboqueiraorn.com.br\/en\/wp-json\/wp\/v2\/types\/product"}],"replies":[{"embeddable":true,"href":"https:\/\/www.fazendaboqueiraorn.com.br\/en\/wp-json\/wp\/v2\/comments?post=8858"}],"wp:featuredmedia":[{"embeddable":true,"href":"https:\/\/www.fazendaboqueiraorn.com.br\/en\/wp-json\/wp\/v2\/media\/8861"}],"wp:attachment":[{"href":"https:\/\/www.fazendaboqueiraorn.com.br\/en\/wp-json\/wp\/v2\/media?parent=8858"}],"wp:term":[{"taxonomy":"product_brand","embeddable":true,"href":"https:\/\/www.fazendaboqueiraorn.com.br\/en\/wp-json\/wp\/v2\/product_brand?post=8858"},{"taxonomy":"product_cat","embeddable":true,"href":"https:\/\/www.fazendaboqueiraorn.com.br\/en\/wp-json\/wp\/v2\/product_cat?post=8858"},{"taxonomy":"product_tag","embeddable":true,"href":"https:\/\/www.fazendaboqueiraorn.com.br\/en\/wp-json\/wp\/v2\/product_tag?post=8858"}],"curies":[{"name":"wp","href":"https:\/\/api.w.org\/{rel}","templated":true}]}}