{"id":8220,"date":"2025-06-16T09:06:53","date_gmt":"2025-06-16T12:06:53","guid":{"rendered":"https:\/\/www.fazendaboqueiraorn.com.br\/?post_type=product&#038;p=8220"},"modified":"2026-01-20T15:53:09","modified_gmt":"2026-01-20T18:53:09","slug":"estacao-meteorologica-tuya","status":"publish","type":"product","link":"https:\/\/www.fazendaboqueiraorn.com.br\/en\/product\/estacao-meteorologica-tuya\/","title":{"rendered":"Esta\u00e7\u00e3o Meteorol\u00f3gica Tuya"},"content":{"rendered":"<p>Esta\u00e7\u00e3o meteorol\u00f3gica Tuya com despertador autom\u00e1tico,\u00a0 temperatura, umidade, uv luz, vento ,chuva e painel solar com previs\u00e3o.<\/p>\n<ul>\n<li>Previs\u00e3o do tempo.(WIFI)<\/li>\n<li>Calibra\u00e7\u00e3o autom\u00e1tica de tempo.(WIFI)<\/li>\n<li>Hoje temperatura mais alta e mais baixa.(WIFI)<\/li>\n<li>Raios UV.(WIFI)<\/li>\n<li>Velocidade do vento.(0-180 km\/h, 0-111 mph)<\/li>\n<li>Dire\u00e7\u00e3o do vento.(0-359\u00b0)<\/li>\n<li>Monitoramento de dados de precipita\u00e7\u00e3o.<\/li>\n<li>Monitoramento de dados da luz solar.(1W\/m2~190W\/m2)<\/li>\n<li>Exibi\u00e7\u00e3o de 12\/24 horas\/m\u00eas\/dia\/semana.<\/li>\n<li>Fun\u00e7\u00e3o despertador e soneca.<\/li>\n<li>Temperatura e umidade interna e externa,\u00b0C para\u00b0F comut\u00e1vel.<\/li>\n<li>Registro m\u00e1ximo\/min de temperatura e umidade.<\/li>\n<li>Exibi\u00e7\u00e3o de tend\u00eancias de mudan\u00e7a de temperatura e umidade interna e externa.<\/li>\n<li>Configura\u00e7\u00e3o de alerta de temperatura interna e externa.<\/li>\n<li>Indicador de conforto de umidade interna.<\/li>\n<li>Press\u00e3o atmosf\u00e9rica, fase lunar.<\/li>\n<li>BA curva de hist\u00f3rico de press\u00e3o de 12 horas passadas.<\/li>\n<li>Fun\u00e7\u00e3o de luz de fundo com brilho de 3 n\u00edveis.(A fonte de alimenta\u00e7\u00e3o DC \u00e9 v\u00e1lida)<\/li>\n<li>Indica\u00e7\u00e3o de baixa press\u00e3o da bateria.<\/li>\n<li>7 idiomas da semana podem ser alternados. (EN\u2192DE\u2192FR\u2192SP\u2192IT\u2192DU\u2192DA)<\/li>\n<li>Fonte de alimenta\u00e7\u00e3o:\n<ul>\n<li>Esta\u00e7\u00e3o meteorol\u00f3gica: adaptador ou 3 pilhas LR6 AAA (n\u00e3o inclu\u00eddas)<\/li>\n<li>Sensor: 3 pilhas LR6 AA (n\u00e3o inclu\u00eddas)<\/li>\n<\/ul>\n<\/li>\n<li>\u00a0Dist\u00e2ncia de conex\u00e3o: Esta\u00e7\u00e3o meteorol\u00f3gica e sensor: 100M<\/li>\n<\/ul>","protected":false},"excerpt":{"rendered":"<p>Esta\u00e7\u00e3o meteorol\u00f3gica Tuya com despertador autom\u00e1tico,\u00a0 temperatura, umidade, uv luz, vento ,chuva e painel solar com previs\u00e3o.<\/p>","protected":false},"featured_media":8227,"comment_status":"open","ping_status":"closed","template":"","meta":{"nf_dc_page":"","_uag_custom_page_level_css":"","site-sidebar-layout":"default","site-content-layout":"","ast-site-content-layout":"default","site-content-style":"default","site-sidebar-style":"default","ast-global-header-display":"","ast-banner-title-visibility":"","ast-main-header-display":"","ast-hfb-above-header-display":"","ast-hfb-below-header-display":"","ast-hfb-mobile-header-display":"","site-post-title":"","ast-breadcrumbs-content":"","ast-featured-img":"","footer-sml-layout":"","ast-disable-related-posts":"","theme-transparent-header-meta":"default","adv-header-id-meta":"","stick-header-meta":"","header-above-stick-meta":"","header-main-stick-meta":"","header-below-stick-meta":"","astra-migrate-meta-layouts":"set","ast-page-background-enabled":"default","ast-page-background-meta":{"desktop":{"background-color":"var(--ast-global-color-4)","background-image":"","background-repeat":"repeat","background-position":"center center","background-size":"auto","background-attachment":"scroll","background-type":"","background-media":"","overlay-type":"","overlay-color":"","overlay-opacity":"","overlay-gradient":""},"tablet":{"background-color":"","background-image":"","background-repeat":"repeat","background-position":"center center","background-size":"auto","background-attachment":"scroll","background-type":"","background-media":"","overlay-type":"","overlay-color":"","overlay-opacity":"","overlay-gradient":""},"mobile":{"background-color":"","background-image":"","background-repeat":"repeat","background-position":"center center","background-size":"auto","background-attachment":"scroll","background-type":"","background-media":"","overlay-type":"","overlay-color":"","overlay-opacity":"","overlay-gradient":""}},"ast-content-background-meta":{"desktop":{"background-color":"var(--ast-global-color-5)","background-image":"","background-repeat":"repeat","background-position":"center center","background-size":"auto","background-attachment":"scroll","background-type":"","background-media":"","overlay-type":"","overlay-color":"","overlay-opacity":"","overlay-gradient":""},"tablet":{"background-color":"var(--ast-global-color-5)","background-image":"","background-repeat":"repeat","background-position":"center center","background-size":"auto","background-attachment":"scroll","background-type":"","background-media":"","overlay-type":"","overlay-color":"","overlay-opacity":"","overlay-gradient":""},"mobile":{"background-color":"var(--ast-global-color-5)","background-image":"","background-repeat":"repeat","background-position":"center center","background-size":"auto","background-attachment":"scroll","background-type":"","background-media":"","overlay-type":"","overlay-color":"","overlay-opacity":"","overlay-gradient":""}},"jetpack_publicize_message":"","jetpack_publicize_feature_enabled":true,"jetpack_social_post_already_shared":true,"jetpack_social_options":{"image_generator_settings":{"template":"highway","default_image_id":0,"font":"","enabled":false},"version":2}},"product_brand":[4664],"product_cat":[4662],"product_tag":[],"class_list":{"0":"post-8220","1":"product","2":"type-product","3":"status-publish","4":"has-post-thumbnail","6":"product_brand-tuya","7":"product_cat-estacao-meteorologica","8":"desktop-align-left","9":"tablet-align-left","10":"mobile-align-left","12":"first","13":"instock","14":"shipping-taxable","15":"product-type-external"},"yoast_head":"<!-- This site is optimized with the Yoast SEO plugin v27.6 - https:\/\/yoast.com\/product\/yoast-seo-wordpress\/ -->\n<title>Esta\u00e7\u00e3o Meteorol\u00f3gica Tuya - Fazenda Boqueir\u00e3o<\/title>\n<meta name=\"description\" content=\"Esta\u00e7\u00e3o meteorol\u00f3gica Tuya com despertador autom\u00e1tico,\u00a0 temperatura, umidade, uv luz, vento ,chuva e painel solar com previs\u00e3o.\" \/>\n<meta name=\"robots\" content=\"index, follow, max-snippet:-1, max-image-preview:large, max-video-preview:-1\" \/>\n<link rel=\"canonical\" href=\"https:\/\/www.fazendaboqueiraorn.com.br\/en\/product\/estacao-meteorologica-tuya\/\" \/>\n<meta property=\"og:locale\" content=\"en_US\" \/>\n<meta property=\"og:type\" content=\"article\" \/>\n<meta property=\"og:title\" content=\"Esta\u00e7\u00e3o Meteorol\u00f3gica Tuya - Fazenda Boqueir\u00e3o\" \/>\n<meta property=\"og:description\" content=\"Esta\u00e7\u00e3o meteorol\u00f3gica Tuya com despertador autom\u00e1tico,\u00a0 temperatura, umidade, uv luz, vento ,chuva e painel solar com previs\u00e3o.\" \/>\n<meta property=\"og:url\" content=\"https:\/\/www.fazendaboqueiraorn.com.br\/en\/product\/estacao-meteorologica-tuya\/\" \/>\n<meta property=\"og:site_name\" content=\"Fazenda Boqueir\u00e3o\" \/>\n<meta property=\"article:publisher\" content=\"https:\/\/www.facebook.com\/fazboqueirao\" \/>\n<meta property=\"article:modified_time\" content=\"2026-01-20T18:53:09+00:00\" \/>\n<meta property=\"og:image\" content=\"https:\/\/www.fazendaboqueiraorn.com.br\/wp-content\/uploads\/2025\/06\/estacao-meteorologica-tuya.webp\" \/>\n\t<meta property=\"og:image:width\" content=\"1080\" \/>\n\t<meta property=\"og:image:height\" content=\"1080\" \/>\n\t<meta property=\"og:image:type\" content=\"image\/webp\" \/>\n<meta name=\"twitter:card\" content=\"summary_large_image\" \/>\n<meta name=\"twitter:site\" content=\"@FazBoqueirao\" \/>\n<meta name=\"twitter:label1\" content=\"Est. reading time\" \/>\n\t<meta name=\"twitter:data1\" content=\"2 minutes\" \/>\n<script type=\"application\/ld+json\" class=\"yoast-schema-graph\">{\"@context\":\"https:\\\/\\\/schema.org\",\"@graph\":[{\"@type\":\"WebPage\",\"@id\":\"https:\\\/\\\/www.fazendaboqueiraorn.com.br\\\/produto\\\/estacao-meteorologica-tuya\\\/\",\"url\":\"https:\\\/\\\/www.fazendaboqueiraorn.com.br\\\/produto\\\/estacao-meteorologica-tuya\\\/\",\"name\":\"Esta\u00e7\u00e3o Meteorol\u00f3gica Tuya - Fazenda Boqueir\u00e3o\",\"isPartOf\":{\"@id\":\"https:\\\/\\\/www.fazendaboqueiraorn.com.br\\\/#website\"},\"primaryImageOfPage\":{\"@id\":\"https:\\\/\\\/www.fazendaboqueiraorn.com.br\\\/produto\\\/estacao-meteorologica-tuya\\\/#primaryimage\"},\"image\":{\"@id\":\"https:\\\/\\\/www.fazendaboqueiraorn.com.br\\\/produto\\\/estacao-meteorologica-tuya\\\/#primaryimage\"},\"thumbnailUrl\":\"https:\\\/\\\/i0.wp.com\\\/www.fazendaboqueiraorn.com.br\\\/wp-content\\\/uploads\\\/2025\\\/06\\\/estacao-meteorologica-tuya.webp?fit=1080%2C1080&ssl=1\",\"datePublished\":\"2025-06-16T12:06:53+00:00\",\"dateModified\":\"2026-01-20T18:53:09+00:00\",\"description\":\"Esta\u00e7\u00e3o meteorol\u00f3gica Tuya com despertador autom\u00e1tico,\u00a0 temperatura, umidade, uv luz, vento ,chuva e painel solar com previs\u00e3o.\",\"breadcrumb\":{\"@id\":\"https:\\\/\\\/www.fazendaboqueiraorn.com.br\\\/produto\\\/estacao-meteorologica-tuya\\\/#breadcrumb\"},\"inLanguage\":\"en-US\",\"potentialAction\":[{\"@type\":\"ReadAction\",\"target\":[\"https:\\\/\\\/www.fazendaboqueiraorn.com.br\\\/produto\\\/estacao-meteorologica-tuya\\\/\"]}]},{\"@type\":\"ImageObject\",\"inLanguage\":\"en-US\",\"@id\":\"https:\\\/\\\/www.fazendaboqueiraorn.com.br\\\/produto\\\/estacao-meteorologica-tuya\\\/#primaryimage\",\"url\":\"https:\\\/\\\/i0.wp.com\\\/www.fazendaboqueiraorn.com.br\\\/wp-content\\\/uploads\\\/2025\\\/06\\\/estacao-meteorologica-tuya.webp?fit=1080%2C1080&ssl=1\",\"contentUrl\":\"https:\\\/\\\/i0.wp.com\\\/www.fazendaboqueiraorn.com.br\\\/wp-content\\\/uploads\\\/2025\\\/06\\\/estacao-meteorologica-tuya.webp?fit=1080%2C1080&ssl=1\",\"width\":1080,\"height\":1080,\"caption\":\"Esta\u00e7\u00e3o Meteorol\u00f3gica Tuya\"},{\"@type\":\"BreadcrumbList\",\"@id\":\"https:\\\/\\\/www.fazendaboqueiraorn.com.br\\\/produto\\\/estacao-meteorologica-tuya\\\/#breadcrumb\",\"itemListElement\":[{\"@type\":\"ListItem\",\"position\":1,\"name\":\"Home\",\"item\":\"https:\\\/\\\/www.fazendaboqueiraorn.com.br\\\/\"},{\"@type\":\"ListItem\",\"position\":2,\"name\":\"Produtos\",\"item\":\"https:\\\/\\\/www.fazendaboqueiraorn.com.br\\\/loja\\\/\"},{\"@type\":\"ListItem\",\"position\":3,\"name\":\"Esta\u00e7\u00e3o Meteorol\u00f3gica Tuya\"}]},{\"@type\":\"WebSite\",\"@id\":\"https:\\\/\\\/www.fazendaboqueiraorn.com.br\\\/#website\",\"url\":\"https:\\\/\\\/www.fazendaboqueiraorn.com.br\\\/\",\"name\":\"Fazenda Boqueir\u00e3o\",\"description\":\"\",\"publisher\":{\"@id\":\"https:\\\/\\\/www.fazendaboqueiraorn.com.br\\\/#organization\"},\"potentialAction\":[{\"@type\":\"SearchAction\",\"target\":{\"@type\":\"EntryPoint\",\"urlTemplate\":\"https:\\\/\\\/www.fazendaboqueiraorn.com.br\\\/?s={search_term_string}\"},\"query-input\":{\"@type\":\"PropertyValueSpecification\",\"valueRequired\":true,\"valueName\":\"search_term_string\"}}],\"inLanguage\":\"en-US\"},{\"@type\":\"Organization\",\"@id\":\"https:\\\/\\\/www.fazendaboqueiraorn.com.br\\\/#organization\",\"name\":\"Fazenda Boqueir\u00e3o\",\"url\":\"https:\\\/\\\/www.fazendaboqueiraorn.com.br\\\/\",\"logo\":{\"@type\":\"ImageObject\",\"inLanguage\":\"en-US\",\"@id\":\"https:\\\/\\\/www.fazendaboqueiraorn.com.br\\\/#\\\/schema\\\/logo\\\/image\\\/\",\"url\":\"https:\\\/\\\/i0.wp.com\\\/www.fazendaboqueiraorn.com.br\\\/wp-content\\\/uploads\\\/2021\\\/08\\\/logo-fazenda-120x120-1.png?fit=120%2C120&ssl=1\",\"contentUrl\":\"https:\\\/\\\/i0.wp.com\\\/www.fazendaboqueiraorn.com.br\\\/wp-content\\\/uploads\\\/2021\\\/08\\\/logo-fazenda-120x120-1.png?fit=120%2C120&ssl=1\",\"width\":120,\"height\":120,\"caption\":\"Fazenda Boqueir\u00e3o\"},\"image\":{\"@id\":\"https:\\\/\\\/www.fazendaboqueiraorn.com.br\\\/#\\\/schema\\\/logo\\\/image\\\/\"},\"sameAs\":[\"https:\\\/\\\/www.facebook.com\\\/fazboqueirao\",\"https:\\\/\\\/x.com\\\/FazBoqueirao\",\"http:\\\/\\\/instagram.com\\\/fazboqueirao\\\/\",\"https:\\\/\\\/www.linkedin.com\\\/company\\\/fazboqueirao\\\/\",\"https:\\\/\\\/www.youtube.com\\\/channel\\\/UCUA4_8v8HkmMeNUh8c6Ky1Q\"]}]}<\/script>\n<!-- \/ Yoast SEO plugin. -->","yoast_head_json":{"title":"Esta\u00e7\u00e3o Meteorol\u00f3gica Tuya - Fazenda Boqueir\u00e3o","description":"Esta\u00e7\u00e3o meteorol\u00f3gica Tuya com despertador autom\u00e1tico,\u00a0 temperatura, umidade, uv luz, vento ,chuva e painel solar com previs\u00e3o.","robots":{"index":"index","follow":"follow","max-snippet":"max-snippet:-1","max-image-preview":"max-image-preview:large","max-video-preview":"max-video-preview:-1"},"canonical":"https:\/\/www.fazendaboqueiraorn.com.br\/en\/product\/estacao-meteorologica-tuya\/","og_locale":"en_US","og_type":"article","og_title":"Esta\u00e7\u00e3o Meteorol\u00f3gica Tuya - Fazenda Boqueir\u00e3o","og_description":"Esta\u00e7\u00e3o meteorol\u00f3gica Tuya com despertador autom\u00e1tico,\u00a0 temperatura, umidade, uv luz, vento ,chuva e painel solar com previs\u00e3o.","og_url":"https:\/\/www.fazendaboqueiraorn.com.br\/en\/product\/estacao-meteorologica-tuya\/","og_site_name":"Fazenda Boqueir\u00e3o","article_publisher":"https:\/\/www.facebook.com\/fazboqueirao","article_modified_time":"2026-01-20T18:53:09+00:00","og_image":[{"width":1080,"height":1080,"url":"https:\/\/www.fazendaboqueiraorn.com.br\/wp-content\/uploads\/2025\/06\/estacao-meteorologica-tuya.webp","type":"image\/webp"}],"twitter_card":"summary_large_image","twitter_site":"@FazBoqueirao","twitter_misc":{"Est. reading time":"2 minutes"},"schema":{"@context":"https:\/\/schema.org","@graph":[{"@type":"WebPage","@id":"https:\/\/www.fazendaboqueiraorn.com.br\/produto\/estacao-meteorologica-tuya\/","url":"https:\/\/www.fazendaboqueiraorn.com.br\/produto\/estacao-meteorologica-tuya\/","name":"Esta\u00e7\u00e3o Meteorol\u00f3gica Tuya - Fazenda Boqueir\u00e3o","isPartOf":{"@id":"https:\/\/www.fazendaboqueiraorn.com.br\/#website"},"primaryImageOfPage":{"@id":"https:\/\/www.fazendaboqueiraorn.com.br\/produto\/estacao-meteorologica-tuya\/#primaryimage"},"image":{"@id":"https:\/\/www.fazendaboqueiraorn.com.br\/produto\/estacao-meteorologica-tuya\/#primaryimage"},"thumbnailUrl":"https:\/\/i0.wp.com\/www.fazendaboqueiraorn.com.br\/wp-content\/uploads\/2025\/06\/estacao-meteorologica-tuya.webp?fit=1080%2C1080&ssl=1","datePublished":"2025-06-16T12:06:53+00:00","dateModified":"2026-01-20T18:53:09+00:00","description":"Esta\u00e7\u00e3o meteorol\u00f3gica Tuya com despertador autom\u00e1tico,\u00a0 temperatura, umidade, uv luz, vento ,chuva e painel solar com previs\u00e3o.","breadcrumb":{"@id":"https:\/\/www.fazendaboqueiraorn.com.br\/produto\/estacao-meteorologica-tuya\/#breadcrumb"},"inLanguage":"en-US","potentialAction":[{"@type":"ReadAction","target":["https:\/\/www.fazendaboqueiraorn.com.br\/produto\/estacao-meteorologica-tuya\/"]}]},{"@type":"ImageObject","inLanguage":"en-US","@id":"https:\/\/www.fazendaboqueiraorn.com.br\/produto\/estacao-meteorologica-tuya\/#primaryimage","url":"https:\/\/i0.wp.com\/www.fazendaboqueiraorn.com.br\/wp-content\/uploads\/2025\/06\/estacao-meteorologica-tuya.webp?fit=1080%2C1080&ssl=1","contentUrl":"https:\/\/i0.wp.com\/www.fazendaboqueiraorn.com.br\/wp-content\/uploads\/2025\/06\/estacao-meteorologica-tuya.webp?fit=1080%2C1080&ssl=1","width":1080,"height":1080,"caption":"Esta\u00e7\u00e3o Meteorol\u00f3gica Tuya"},{"@type":"BreadcrumbList","@id":"https:\/\/www.fazendaboqueiraorn.com.br\/produto\/estacao-meteorologica-tuya\/#breadcrumb","itemListElement":[{"@type":"ListItem","position":1,"name":"Home","item":"https:\/\/www.fazendaboqueiraorn.com.br\/"},{"@type":"ListItem","position":2,"name":"Produtos","item":"https:\/\/www.fazendaboqueiraorn.com.br\/loja\/"},{"@type":"ListItem","position":3,"name":"Esta\u00e7\u00e3o Meteorol\u00f3gica Tuya"}]},{"@type":"WebSite","@id":"https:\/\/www.fazendaboqueiraorn.com.br\/#website","url":"https:\/\/www.fazendaboqueiraorn.com.br\/","name":"Fazenda Boqueir\u00e3o","description":"","publisher":{"@id":"https:\/\/www.fazendaboqueiraorn.com.br\/#organization"},"potentialAction":[{"@type":"SearchAction","target":{"@type":"EntryPoint","urlTemplate":"https:\/\/www.fazendaboqueiraorn.com.br\/?s={search_term_string}"},"query-input":{"@type":"PropertyValueSpecification","valueRequired":true,"valueName":"search_term_string"}}],"inLanguage":"en-US"},{"@type":"Organization","@id":"https:\/\/www.fazendaboqueiraorn.com.br\/#organization","name":"Fazenda Boqueir\u00e3o","url":"https:\/\/www.fazendaboqueiraorn.com.br\/","logo":{"@type":"ImageObject","inLanguage":"en-US","@id":"https:\/\/www.fazendaboqueiraorn.com.br\/#\/schema\/logo\/image\/","url":"https:\/\/i0.wp.com\/www.fazendaboqueiraorn.com.br\/wp-content\/uploads\/2021\/08\/logo-fazenda-120x120-1.png?fit=120%2C120&ssl=1","contentUrl":"https:\/\/i0.wp.com\/www.fazendaboqueiraorn.com.br\/wp-content\/uploads\/2021\/08\/logo-fazenda-120x120-1.png?fit=120%2C120&ssl=1","width":120,"height":120,"caption":"Fazenda Boqueir\u00e3o"},"image":{"@id":"https:\/\/www.fazendaboqueiraorn.com.br\/#\/schema\/logo\/image\/"},"sameAs":["https:\/\/www.facebook.com\/fazboqueirao","https:\/\/x.com\/FazBoqueirao","http:\/\/instagram.com\/fazboqueirao\/","https:\/\/www.linkedin.com\/company\/fazboqueirao\/","https:\/\/www.youtube.com\/channel\/UCUA4_8v8HkmMeNUh8c6Ky1Q"]}]}},"jetpack_publicize_connections":[],"uagb_featured_image_src":{"full":["https:\/\/i0.wp.com\/www.fazendaboqueiraorn.com.br\/wp-content\/uploads\/2025\/06\/estacao-meteorologica-tuya.webp?fit=1080%2C1080&ssl=1",1080,1080,false],"thumbnail":["https:\/\/i0.wp.com\/www.fazendaboqueiraorn.com.br\/wp-content\/uploads\/2025\/06\/estacao-meteorologica-tuya.webp?resize=150%2C150&ssl=1",150,150,true],"medium":["https:\/\/i0.wp.com\/www.fazendaboqueiraorn.com.br\/wp-content\/uploads\/2025\/06\/estacao-meteorologica-tuya.webp?fit=300%2C300&ssl=1",300,300,true],"medium_large":["https:\/\/i0.wp.com\/www.fazendaboqueiraorn.com.br\/wp-content\/uploads\/2025\/06\/estacao-meteorologica-tuya.webp?fit=768%2C768&ssl=1",768,768,true],"large":["https:\/\/i0.wp.com\/www.fazendaboqueiraorn.com.br\/wp-content\/uploads\/2025\/06\/estacao-meteorologica-tuya.webp?fit=1024%2C1024&ssl=1",1024,1024,true],"1536x1536":["https:\/\/i0.wp.com\/www.fazendaboqueiraorn.com.br\/wp-content\/uploads\/2025\/06\/estacao-meteorologica-tuya.webp?fit=1080%2C1080&ssl=1",1080,1080,true],"2048x2048":["https:\/\/i0.wp.com\/www.fazendaboqueiraorn.com.br\/wp-content\/uploads\/2025\/06\/estacao-meteorologica-tuya.webp?fit=1080%2C1080&ssl=1",1080,1080,true],"trp-custom-language-flag":["https:\/\/i0.wp.com\/www.fazendaboqueiraorn.com.br\/wp-content\/uploads\/2025\/06\/estacao-meteorologica-tuya.webp?fit=12%2C12&ssl=1",12,12,true],"ultp_layout_landscape_large":["https:\/\/i0.wp.com\/www.fazendaboqueiraorn.com.br\/wp-content\/uploads\/2025\/06\/estacao-meteorologica-tuya.webp?resize=1080%2C800&ssl=1",1080,800,true],"ultp_layout_landscape":["https:\/\/i0.wp.com\/www.fazendaboqueiraorn.com.br\/wp-content\/uploads\/2025\/06\/estacao-meteorologica-tuya.webp?resize=870%2C570&ssl=1",870,570,true],"ultp_layout_portrait":["https:\/\/i0.wp.com\/www.fazendaboqueiraorn.com.br\/wp-content\/uploads\/2025\/06\/estacao-meteorologica-tuya.webp?resize=600%2C900&ssl=1",600,900,true],"ultp_layout_square":["https:\/\/i0.wp.com\/www.fazendaboqueiraorn.com.br\/wp-content\/uploads\/2025\/06\/estacao-meteorologica-tuya.webp?resize=600%2C600&ssl=1",600,600,true],"woocommerce_thumbnail":["https:\/\/www.fazendaboqueiraorn.com.br\/wp-content\/uploads\/2025\/06\/estacao-meteorologica-tuya-300x300.webp",300,300,true],"woocommerce_single":["https:\/\/www.fazendaboqueiraorn.com.br\/wp-content\/uploads\/2025\/06\/estacao-meteorologica-tuya.webp",600,600,false],"woocommerce_gallery_thumbnail":["https:\/\/www.fazendaboqueiraorn.com.br\/wp-content\/uploads\/2025\/06\/estacao-meteorologica-tuya-100x100.webp",100,100,true],"web-stories-poster-portrait":["https:\/\/www.fazendaboqueiraorn.com.br\/wp-content\/uploads\/2025\/06\/estacao-meteorologica-tuya-640x853.webp",640,853,true],"web-stories-publisher-logo":["https:\/\/www.fazendaboqueiraorn.com.br\/wp-content\/uploads\/2025\/06\/estacao-meteorologica-tuya-96x96.webp",96,96,true],"web-stories-thumbnail":["https:\/\/www.fazendaboqueiraorn.com.br\/wp-content\/uploads\/2025\/06\/estacao-meteorologica-tuya-150x150.webp",150,150,true]},"uagb_author_info":{"display_name":"Fazenda Boqueir\u00e3o","author_link":"https:\/\/www.fazendaboqueiraorn.com.br\/en\/author\/"},"uagb_comment_info":9,"uagb_excerpt":"Esta\u00e7\u00e3o meteorol\u00f3gica Tuya com despertador autom\u00e1tico,\u00a0 temperatura, umidade, uv luz, vento ,chuva e painel solar com previs\u00e3o.","jetpack_sharing_enabled":true,"jetpack_likes_enabled":true,"_links":{"self":[{"href":"https:\/\/www.fazendaboqueiraorn.com.br\/en\/wp-json\/wp\/v2\/product\/8220","targetHints":{"allow":["GET"]}}],"collection":[{"href":"https:\/\/www.fazendaboqueiraorn.com.br\/en\/wp-json\/wp\/v2\/product"}],"about":[{"href":"https:\/\/www.fazendaboqueiraorn.com.br\/en\/wp-json\/wp\/v2\/types\/product"}],"replies":[{"embeddable":true,"href":"https:\/\/www.fazendaboqueiraorn.com.br\/en\/wp-json\/wp\/v2\/comments?post=8220"}],"wp:featuredmedia":[{"embeddable":true,"href":"https:\/\/www.fazendaboqueiraorn.com.br\/en\/wp-json\/wp\/v2\/media\/8227"}],"wp:attachment":[{"href":"https:\/\/www.fazendaboqueiraorn.com.br\/en\/wp-json\/wp\/v2\/media?parent=8220"}],"wp:term":[{"taxonomy":"product_brand","embeddable":true,"href":"https:\/\/www.fazendaboqueiraorn.com.br\/en\/wp-json\/wp\/v2\/product_brand?post=8220"},{"taxonomy":"product_cat","embeddable":true,"href":"https:\/\/www.fazendaboqueiraorn.com.br\/en\/wp-json\/wp\/v2\/product_cat?post=8220"},{"taxonomy":"product_tag","embeddable":true,"href":"https:\/\/www.fazendaboqueiraorn.com.br\/en\/wp-json\/wp\/v2\/product_tag?post=8220"}],"curies":[{"name":"wp","href":"https:\/\/api.w.org\/{rel}","templated":true}]}}